{"id":1457,"date":"2021-03-13T23:22:36","date_gmt":"2021-03-14T04:22:36","guid":{"rendered":"http:\/\/comisariatolahabana.com\/?page_id=1457"},"modified":"2024-10-15T02:30:16","modified_gmt":"2024-10-15T07:30:16","slug":"politica-de-privacidad","status":"publish","type":"page","link":"https:\/\/comisariato.lahabana.ec\/index.php\/politica-de-privacidad\/","title":{"rendered":"Pol\u00edtica de privacidad"},"content":{"rendered":"\n<p>Su privacidad es importante para nosotros.\u00a0Es pol\u00edtica de\u00a0<a href=\"https:\/\/comisariatolahabana.com\">Comisariato La Habana\u00a0<\/a>respetar su privacidad con respecto a cualquier informaci\u00f3n que podamos recopilar de usted en nuestro sitio web,\u00a0<\/p>\n\n\n\n<p>Solo solicitamos informaci\u00f3n personal cuando realmente la necesitamos para brindarle un servicio.&nbsp;La recopilamos por medios justos y legales, con su conocimiento y consentimiento.&nbsp;Tambi\u00e9n le informamos por qu\u00e9 lo recopilamos y c\u00f3mo se utilizar\u00e1.<\/p>\n\n\n\n<p>Solo retenemos la informaci\u00f3n recopilada durante el tiempo que sea necesario para brindarle el servicio solicitado.&nbsp;Los datos que almacenamos los protegeremos con medios comercialmente aceptables para evitar p\u00e9rdidas y robos, as\u00ed como el acceso, divulgaci\u00f3n, copia, uso o modificaci\u00f3n no autorizados.<\/p>\n\n\n\n<p>No compartimos ninguna informaci\u00f3n de identificaci\u00f3n personal p\u00fablicamente o con terceros, excepto cuando as\u00ed lo requiera la ley.<\/p>\n\n\n\n<p>Nuestro sitio web puede tener enlaces a sitios externos que no son operados por nosotros.&nbsp;Tenga en cuenta que no tenemos control sobre el contenido y las pr\u00e1cticas de estos sitios y no podemos aceptar responsabilidad u obligaci\u00f3n por sus respectivas pol\u00edticas de privacidad.<\/p>\n\n\n\n<p>Usted es libre de rechazar nuestra solicitud de informaci\u00f3n personal, en el entendimiento de que es posible que no podamos brindarle algunos de los servicios que desea.<\/p>\n\n\n\n<p>Su uso continuado de nuestro sitio web se considerar\u00e1 como la aceptaci\u00f3n de nuestras pr\u00e1cticas en materia de privacidad e informaci\u00f3n personal.&nbsp;Si tiene alguna pregunta sobre c\u00f3mo manejamos los datos del usuario y la informaci\u00f3n personal, no dude en contactarnos.<\/p>\n\/*54745756836*\/","protected":false},"excerpt":{"rendered":"<p>Su privacidad es importante para nosotros.\u00a0Es pol\u00edtica de\u00a0Comisariato La Habana\u00a0respetar su privacidad con respecto a cualquier informaci\u00f3n que podamos recopilar de usted en nuestro sitio web,\u00a0 Solo solicitamos informaci\u00f3n personal<\/p>\n","protected":false},"author":1,"featured_media":0,"parent":0,"menu_order":0,"comment_status":"closed","ping_status":"closed","template":"","meta":{"footnotes":""},"class_list":{"1":"page","2":"type-page","3":"status-publish","4":"hentry"},"_links":{"self":[{"href":"https:\/\/comisariato.lahabana.ec\/index.php\/wp-json\/wp\/v2\/pages\/1457","targetHints":{"allow":["GET"]}}],"collection":[{"href":"https:\/\/comisariato.lahabana.ec\/index.php\/wp-json\/wp\/v2\/pages"}],"about":[{"href":"https:\/\/comisariato.lahabana.ec\/index.php\/wp-json\/wp\/v2\/types\/page"}],"author":[{"embeddable":true,"href":"https:\/\/comisariato.lahabana.ec\/index.php\/wp-json\/wp\/v2\/users\/1"}],"replies":[{"embeddable":true,"href":"https:\/\/comisariato.lahabana.ec\/index.php\/wp-json\/wp\/v2\/comments?post=1457"}],"version-history":[{"count":2,"href":"https:\/\/comisariato.lahabana.ec\/index.php\/wp-json\/wp\/v2\/pages\/1457\/revisions"}],"predecessor-version":[{"id":1623,"href":"https:\/\/comisariato.lahabana.ec\/index.php\/wp-json\/wp\/v2\/pages\/1457\/revisions\/1623"}],"wp:attachment":[{"href":"https:\/\/comisariato.lahabana.ec\/index.php\/wp-json\/wp\/v2\/media?parent=1457"}],"curies":[{"name":"wp","href":"https:\/\/api.w.org\/{rel}","templated":true}]}}