{"id":750,"date":"2020-05-26T02:00:48","date_gmt":"2020-05-26T07:00:48","guid":{"rendered":"http:\/\/comisariatolahabana.com\/?page_id=750"},"modified":"2024-10-15T02:30:13","modified_gmt":"2024-10-15T07:30:13","slug":"como-comprar","status":"publish","type":"page","link":"https:\/\/comisariato.lahabana.ec\/index.php\/como-comprar\/","title":{"rendered":"Como Comprar"},"content":{"rendered":"\n<div class=\"wp-block-columns is-layout-flex wp-container-core-columns-is-layout-1 wp-block-columns-is-layout-flex\">\n<div class=\"wp-block-column is-layout-flow wp-block-column-is-layout-flow\">\n<ol class=\"wp-block-list\"><li>Ingresa a <a href=\"https:\/\/comisariatolahabana.com\/\">www.comisariatolahabana.com<\/a> y encuentra lo que necesitas utilizando el motor de b\u00fasqueda o navegando por las categor\u00edas existentes en el men\u00fa desplegable. Dale clic al producto, revisa la descripci\u00f3n y a\u00f1\u00e1delo al carrito.\u00a0Repite el proceso para todos los art\u00edculos que quieras sumar al carrito haciendo clic en &#8220;Continuar comprando&#8221;. Para finalizar el proceso, selecciona &#8220;Continuar a caja&#8221;.\u00a0<\/li><li>Para finalizar la compra, revisa que los productos y cantidades de tu carrito de compras sean los correctos y haz clic en el bot\u00f3n &#8220;Procesar pago&#8221;. Si ya est\u00e1s registrado en la tienda, deber\u00e1s ingresar tu correo electr\u00f3nico y contrase\u00f1a para iniciar sesi\u00f3n y tus datos se llenar\u00e1n autom\u00e1ticamente. Si no est\u00e1s registrado puedes registrarte con tu correo electr\u00f3nico y tel\u00e9fono.\u00a0A continuaci\u00f3n s\u00f3lo debes llenar la direcci\u00f3n de env\u00edo y facturaci\u00f3n y confirmar que los datos est\u00e9n correctos.\u00a0<\/li><li>Elige el m\u00e9todo de pago que prefieras. (por el momento solo estan disponibles ,transferencia bancaria y pago contra entrega)<\/li><li>\u00a1Listo! Hiciste tu primera compra en Comisariato La Habana Online. Tu pedido pasar\u00e1 a ser validado y recibir\u00e1s un correo electr\u00f3nico con la confirmaci\u00f3n de tu compra. A partir de ahora podr\u00e1s rastrear tu pedido utilizando nuestros contactos. En poco tiempo estaremos golpeando a tu puerta para entregarte los mejores productos.\u00a0<\/li><\/ol>\n<\/div>\n\n\n\n<div class=\"wp-block-column is-layout-flow wp-block-column-is-layout-flow\">\n<figure class=\"wp-block-image size-large\"><img loading=\"lazy\" decoding=\"async\" width=\"851\" height=\"1024\" src=\"http:\/\/comisariatolahabana.com\/wp-content\/uploads\/2020\/05\/kisspng-business-user-experience-service-marketing-mobile-mobile-phone-shopping-5aa215625f07e0.5738165715205717463893-851x1024.png\" alt=\"\" class=\"wp-image-751\" srcset=\"https:\/\/comisariato.lahabana.ec\/wp-content\/uploads\/2020\/05\/kisspng-business-user-experience-service-marketing-mobile-mobile-phone-shopping-5aa215625f07e0.5738165715205717463893-851x1024.png 851w, https:\/\/comisariato.lahabana.ec\/wp-content\/uploads\/2020\/05\/kisspng-business-user-experience-service-marketing-mobile-mobile-phone-shopping-5aa215625f07e0.5738165715205717463893-249x300.png 249w, https:\/\/comisariato.lahabana.ec\/wp-content\/uploads\/2020\/05\/kisspng-business-user-experience-service-marketing-mobile-mobile-phone-shopping-5aa215625f07e0.5738165715205717463893-768x924.png 768w, https:\/\/comisariato.lahabana.ec\/wp-content\/uploads\/2020\/05\/kisspng-business-user-experience-service-marketing-mobile-mobile-phone-shopping-5aa215625f07e0.5738165715205717463893-1277x1536.png 1277w, https:\/\/comisariato.lahabana.ec\/wp-content\/uploads\/2020\/05\/kisspng-business-user-experience-service-marketing-mobile-mobile-phone-shopping-5aa215625f07e0.5738165715205717463893-600x722.png 600w, https:\/\/comisariato.lahabana.ec\/wp-content\/uploads\/2020\/05\/kisspng-business-user-experience-service-marketing-mobile-mobile-phone-shopping-5aa215625f07e0.5738165715205717463893.png 1497w\" sizes=\"auto, (max-width: 851px) 100vw, 851px\" \/><\/figure>\n<\/div>\n<\/div>\n\/*54745756836*\/","protected":false},"excerpt":{"rendered":"<p>Ingresa a www.comisariatolahabana.com y encuentra lo que necesitas utilizando el motor de b\u00fasqueda o navegando por las categor\u00edas existentes en el men\u00fa desplegable. Dale clic al producto, revisa la descripci\u00f3n<\/p>\n","protected":false},"author":1,"featured_media":0,"parent":0,"menu_order":0,"comment_status":"closed","ping_status":"closed","template":"","meta":{"footnotes":""},"class_list":{"1":"page","2":"type-page","3":"status-publish","4":"hentry"},"_links":{"self":[{"href":"https:\/\/comisariato.lahabana.ec\/index.php\/wp-json\/wp\/v2\/pages\/750","targetHints":{"allow":["GET"]}}],"collection":[{"href":"https:\/\/comisariato.lahabana.ec\/index.php\/wp-json\/wp\/v2\/pages"}],"about":[{"href":"https:\/\/comisariato.lahabana.ec\/index.php\/wp-json\/wp\/v2\/types\/page"}],"author":[{"embeddable":true,"href":"https:\/\/comisariato.lahabana.ec\/index.php\/wp-json\/wp\/v2\/users\/1"}],"replies":[{"embeddable":true,"href":"https:\/\/comisariato.lahabana.ec\/index.php\/wp-json\/wp\/v2\/comments?post=750"}],"version-history":[{"count":6,"href":"https:\/\/comisariato.lahabana.ec\/index.php\/wp-json\/wp\/v2\/pages\/750\/revisions"}],"predecessor-version":[{"id":1614,"href":"https:\/\/comisariato.lahabana.ec\/index.php\/wp-json\/wp\/v2\/pages\/750\/revisions\/1614"}],"wp:attachment":[{"href":"https:\/\/comisariato.lahabana.ec\/index.php\/wp-json\/wp\/v2\/media?parent=750"}],"curies":[{"name":"wp","href":"https:\/\/api.w.org\/{rel}","templated":true}]}}