{"id":1069,"date":"2020-06-22T17:52:58","date_gmt":"2020-06-22T22:52:58","guid":{"rendered":"http:\/\/comisariatolahabana.com\/?post_type=product&#038;p=1069"},"modified":"2024-10-15T02:30:14","modified_gmt":"2024-10-15T07:30:14","slug":"mani-salado-mani-cris-tarro-de-175-gramos","status":"publish","type":"product","link":"https:\/\/comisariato.lahabana.ec\/index.php\/product\/mani-salado-mani-cris-tarro-de-175-gramos\/","title":{"rendered":"Man\u00ed salado (Man\u00ed Cris) tarro de 175 gramos"},"content":{"rendered":"<p>Man\u00ed salado (Man\u00ed Cris) tarro de 175 gramos\/*54745756836*\/<\/p>\n","protected":false},"excerpt":{"rendered":"<p>Man\u00ed salado (Man\u00ed Cris) tarro de 175 gramos\/*54745756836*\/<\/p>\n","protected":false},"featured_media":1070,"comment_status":"open","ping_status":"closed","template":"","meta":[],"class_list":{"0":"post-1069","1":"product","2":"type-product","3":"status-publish","6":"product_cat-snacks-y-salsas","7":"product_tag-mani-cris","8":"product_tag-mani-salado","10":"first","11":"instock","12":"shipping-taxable","13":"purchasable","14":"product-type-simple"},"_links":{"self":[{"href":"https:\/\/comisariato.lahabana.ec\/index.php\/wp-json\/wp\/v2\/product\/1069","targetHints":{"allow":["GET"]}}],"collection":[{"href":"https:\/\/comisariato.lahabana.ec\/index.php\/wp-json\/wp\/v2\/product"}],"about":[{"href":"https:\/\/comisariato.lahabana.ec\/index.php\/wp-json\/wp\/v2\/types\/product"}],"replies":[{"embeddable":true,"href":"https:\/\/comisariato.lahabana.ec\/index.php\/wp-json\/wp\/v2\/comments?post=1069"}],"wp:featuredmedia":[{"embeddable":true,"href":"https:\/\/comisariato.lahabana.ec\/index.php\/wp-json\/wp\/v2\/media\/1070"}],"wp:attachment":[{"href":"https:\/\/comisariato.lahabana.ec\/index.php\/wp-json\/wp\/v2\/media?parent=1069"}],"curies":[{"name":"wp","href":"https:\/\/api.w.org\/{rel}","templated":true}]}}