{"id":1071,"date":"2020-06-22T19:36:52","date_gmt":"2020-06-23T00:36:52","guid":{"rendered":"http:\/\/comisariatolahabana.com\/?post_type=product&#038;p=1071"},"modified":"2024-10-15T02:30:14","modified_gmt":"2024-10-15T07:30:14","slug":"mantequilla-de-mani-mani-cris-crunchytarro-135-gramos","status":"publish","type":"product","link":"https:\/\/comisariato.lahabana.ec\/index.php\/product\/mantequilla-de-mani-mani-cris-crunchytarro-135-gramos\/","title":{"rendered":"Mantequilla de man\u00ed (Man\u00ed Cris) Crunchy,tarro 135 gramos"},"content":{"rendered":"<p>Mantequilla de man\u00ed (Man\u00ed Cris) Crunchy,tarro 135 gramos\/*54745756836*\/<\/p>\n","protected":false},"excerpt":{"rendered":"<p>Mantequilla de man\u00ed (Man\u00ed Cris) Crunchy,tarro 135 gramos\/*54745756836*\/<\/p>\n","protected":false},"featured_media":1072,"comment_status":"open","ping_status":"closed","template":"","meta":[],"class_list":{"0":"post-1071","1":"product","2":"type-product","3":"status-publish","6":"product_cat-snacks-y-salsas","7":"product_tag-crunchy","8":"product_tag-mani","9":"product_tag-mani-cris","10":"product_tag-mantequilla","12":"first","13":"instock","14":"shipping-taxable","15":"purchasable","16":"product-type-simple"},"_links":{"self":[{"href":"https:\/\/comisariato.lahabana.ec\/index.php\/wp-json\/wp\/v2\/product\/1071","targetHints":{"allow":["GET"]}}],"collection":[{"href":"https:\/\/comisariato.lahabana.ec\/index.php\/wp-json\/wp\/v2\/product"}],"about":[{"href":"https:\/\/comisariato.lahabana.ec\/index.php\/wp-json\/wp\/v2\/types\/product"}],"replies":[{"embeddable":true,"href":"https:\/\/comisariato.lahabana.ec\/index.php\/wp-json\/wp\/v2\/comments?post=1071"}],"wp:featuredmedia":[{"embeddable":true,"href":"https:\/\/comisariato.lahabana.ec\/index.php\/wp-json\/wp\/v2\/media\/1072"}],"wp:attachment":[{"href":"https:\/\/comisariato.lahabana.ec\/index.php\/wp-json\/wp\/v2\/media?parent=1071"}],"curies":[{"name":"wp","href":"https:\/\/api.w.org\/{rel}","templated":true}]}}