{"id":1096,"date":"2020-06-23T00:43:43","date_gmt":"2020-06-23T05:43:43","guid":{"rendered":"http:\/\/comisariatolahabana.com\/?post_type=product&#038;p=1096"},"modified":"2024-10-15T02:30:14","modified_gmt":"2024-10-15T07:30:14","slug":"infusion-de-horchata-con-limon-ile-caja-x-25-sobres","status":"publish","type":"product","link":"https:\/\/comisariato.lahabana.ec\/index.php\/product\/infusion-de-horchata-con-limon-ile-caja-x-25-sobres\/","title":{"rendered":"Infusi\u00f3n de Horchata con lim\u00f3n (Ile) caja x 25 sobres"},"content":{"rendered":"<p>Infusi\u00f3n de Horchata con lim\u00f3n (Ile) caja x 25 sobres\/*54745756836*\/<\/p>\n","protected":false},"excerpt":{"rendered":"<p>Infusi\u00f3n de Horchata con lim\u00f3n (Ile) caja x 25 sobres\/*54745756836*\/<\/p>\n","protected":false},"featured_media":1097,"comment_status":"open","ping_status":"closed","template":"","meta":[],"class_list":{"0":"post-1096","1":"product","2":"type-product","3":"status-publish","6":"product_cat-bebidas-calientes","7":"product_tag-horchata-con-limon","8":"product_tag-ile","9":"product_tag-infusion","10":"product_tag-te","12":"first","13":"instock","14":"shipping-taxable","15":"purchasable","16":"product-type-simple"},"_links":{"self":[{"href":"https:\/\/comisariato.lahabana.ec\/index.php\/wp-json\/wp\/v2\/product\/1096","targetHints":{"allow":["GET"]}}],"collection":[{"href":"https:\/\/comisariato.lahabana.ec\/index.php\/wp-json\/wp\/v2\/product"}],"about":[{"href":"https:\/\/comisariato.lahabana.ec\/index.php\/wp-json\/wp\/v2\/types\/product"}],"replies":[{"embeddable":true,"href":"https:\/\/comisariato.lahabana.ec\/index.php\/wp-json\/wp\/v2\/comments?post=1096"}],"wp:featuredmedia":[{"embeddable":true,"href":"https:\/\/comisariato.lahabana.ec\/index.php\/wp-json\/wp\/v2\/media\/1097"}],"wp:attachment":[{"href":"https:\/\/comisariato.lahabana.ec\/index.php\/wp-json\/wp\/v2\/media?parent=1096"}],"curies":[{"name":"wp","href":"https:\/\/api.w.org\/{rel}","templated":true}]}}