{"id":1131,"date":"2020-06-27T19:05:51","date_gmt":"2020-06-28T00:05:51","guid":{"rendered":"http:\/\/comisariatolahabana.com\/?post_type=product&#038;p=1131"},"modified":"2024-10-15T02:30:15","modified_gmt":"2024-10-15T07:30:15","slug":"detergente-ciclon-aroma-limon-600-gramos","status":"publish","type":"product","link":"https:\/\/comisariato.lahabana.ec\/index.php\/product\/detergente-ciclon-aroma-limon-600-gramos\/","title":{"rendered":"Detergente (Cicl\u00f3n), aroma lim\u00f3n, 600 gramos"},"content":{"rendered":"<p>Detergente (Cicl\u00f3n), aroma lim\u00f3n, 600 gramos\/*54745756836*\/<\/p>\n","protected":false},"excerpt":{"rendered":"<p>Detergente (Cicl\u00f3n), aroma lim\u00f3n, 600 gramos\/*54745756836*\/<\/p>\n","protected":false},"featured_media":1132,"comment_status":"open","ping_status":"closed","template":"","meta":[],"class_list":{"0":"post-1131","1":"product","2":"type-product","3":"status-publish","6":"product_cat-detergentes-y-suavizantes","7":"product_tag-ciclon","8":"product_tag-detergente-en-polvo","9":"product_tag-detergentes","11":"first","12":"instock","13":"shipping-taxable","14":"purchasable","15":"product-type-simple"},"_links":{"self":[{"href":"https:\/\/comisariato.lahabana.ec\/index.php\/wp-json\/wp\/v2\/product\/1131","targetHints":{"allow":["GET"]}}],"collection":[{"href":"https:\/\/comisariato.lahabana.ec\/index.php\/wp-json\/wp\/v2\/product"}],"about":[{"href":"https:\/\/comisariato.lahabana.ec\/index.php\/wp-json\/wp\/v2\/types\/product"}],"replies":[{"embeddable":true,"href":"https:\/\/comisariato.lahabana.ec\/index.php\/wp-json\/wp\/v2\/comments?post=1131"}],"wp:featuredmedia":[{"embeddable":true,"href":"https:\/\/comisariato.lahabana.ec\/index.php\/wp-json\/wp\/v2\/media\/1132"}],"wp:attachment":[{"href":"https:\/\/comisariato.lahabana.ec\/index.php\/wp-json\/wp\/v2\/media?parent=1131"}],"curies":[{"name":"wp","href":"https:\/\/api.w.org\/{rel}","templated":true}]}}