{"id":1250,"date":"2020-07-21T21:36:06","date_gmt":"2020-07-22T02:36:06","guid":{"rendered":"http:\/\/comisariatolahabana.com\/?post_type=product&#038;p=1250"},"modified":"2024-10-15T02:30:15","modified_gmt":"2024-10-15T07:30:15","slug":"jabon-dove-exfoliacion-suave-90-gramos","status":"publish","type":"product","link":"https:\/\/comisariato.lahabana.ec\/index.php\/product\/jabon-dove-exfoliacion-suave-90-gramos\/","title":{"rendered":"Jab\u00f3n (Dove) exfoliaci\u00f3n suave, 90 gramos"},"content":{"rendered":"<p>Jab\u00f3n (Dove) exfoliaci\u00f3n suave, 90 gramos\/*54745756836*\/<\/p>\n","protected":false},"excerpt":{"rendered":"<p>Jab\u00f3n (Dove) exfoliaci\u00f3n suave, 90 gramos\/*54745756836*\/<\/p>\n","protected":false},"featured_media":1251,"comment_status":"open","ping_status":"closed","template":"","meta":[],"class_list":{"0":"post-1250","1":"product","2":"type-product","3":"status-publish","6":"product_cat-cuidado-corporal","7":"product_tag-dove","8":"product_tag-jabon","10":"first","11":"instock","12":"shipping-taxable","13":"purchasable","14":"product-type-simple"},"_links":{"self":[{"href":"https:\/\/comisariato.lahabana.ec\/index.php\/wp-json\/wp\/v2\/product\/1250","targetHints":{"allow":["GET"]}}],"collection":[{"href":"https:\/\/comisariato.lahabana.ec\/index.php\/wp-json\/wp\/v2\/product"}],"about":[{"href":"https:\/\/comisariato.lahabana.ec\/index.php\/wp-json\/wp\/v2\/types\/product"}],"replies":[{"embeddable":true,"href":"https:\/\/comisariato.lahabana.ec\/index.php\/wp-json\/wp\/v2\/comments?post=1250"}],"wp:featuredmedia":[{"embeddable":true,"href":"https:\/\/comisariato.lahabana.ec\/index.php\/wp-json\/wp\/v2\/media\/1251"}],"wp:attachment":[{"href":"https:\/\/comisariato.lahabana.ec\/index.php\/wp-json\/wp\/v2\/media?parent=1250"}],"curies":[{"name":"wp","href":"https:\/\/api.w.org\/{rel}","templated":true}]}}