{"id":1258,"date":"2020-07-21T22:56:25","date_gmt":"2020-07-22T03:56:25","guid":{"rendered":"http:\/\/comisariatolahabana.com\/?post_type=product&#038;p=1258"},"modified":"2024-10-15T02:30:15","modified_gmt":"2024-10-15T07:30:15","slug":"jabon-dove-karite-90-g","status":"publish","type":"product","link":"https:\/\/comisariato.lahabana.ec\/index.php\/product\/jabon-dove-karite-90-g\/","title":{"rendered":"Jab\u00f3n ( Dove ) Karit\u00e9 90 g"},"content":{"rendered":"<p>Jab\u00f3n ( Dove ) Karit\u00e9 90 g\/*54745756836*\/<\/p>\n","protected":false},"excerpt":{"rendered":"<p>Jab\u00f3n ( Dove ) Karit\u00e9 90 g\/*54745756836*\/<\/p>\n","protected":false},"featured_media":1259,"comment_status":"open","ping_status":"closed","template":"","meta":[],"class_list":{"0":"post-1258","1":"product","2":"type-product","3":"status-publish","6":"product_cat-cuidado-corporal","7":"product_tag-dove","8":"product_tag-jabon","9":"product_tag-karite","11":"first","12":"instock","13":"shipping-taxable","14":"purchasable","15":"product-type-simple"},"_links":{"self":[{"href":"https:\/\/comisariato.lahabana.ec\/index.php\/wp-json\/wp\/v2\/product\/1258","targetHints":{"allow":["GET"]}}],"collection":[{"href":"https:\/\/comisariato.lahabana.ec\/index.php\/wp-json\/wp\/v2\/product"}],"about":[{"href":"https:\/\/comisariato.lahabana.ec\/index.php\/wp-json\/wp\/v2\/types\/product"}],"replies":[{"embeddable":true,"href":"https:\/\/comisariato.lahabana.ec\/index.php\/wp-json\/wp\/v2\/comments?post=1258"}],"wp:featuredmedia":[{"embeddable":true,"href":"https:\/\/comisariato.lahabana.ec\/index.php\/wp-json\/wp\/v2\/media\/1259"}],"wp:attachment":[{"href":"https:\/\/comisariato.lahabana.ec\/index.php\/wp-json\/wp\/v2\/media?parent=1258"}],"curies":[{"name":"wp","href":"https:\/\/api.w.org\/{rel}","templated":true}]}}